{"id":1779,"date":"2020-02-12T12:16:48","date_gmt":"2020-02-12T11:16:48","guid":{"rendered":"https:\/\/eatgaudi.developallin.com\/?page_id=1779"},"modified":"2020-02-12T12:16:48","modified_gmt":"2020-02-12T11:16:48","slug":"taller-de-cocteleria-hallo-cocktail-bar-a-carrec-de-sergio-regueira","status":"publish","type":"page","link":"https:\/\/eatgaudi.com\/ca\/talleres\/taller-de-cocteleria-hallo-cocktail-bar-a-carrec-de-sergio-regueira\/","title":{"rendered":"Taller de Cocteler\u00eda Hallo Cocktail Bar a c\u00e0rrec de Sergio Regueira"},"content":{"rendered":"[vc_row type=&#8221;in_container&#8221; full_screen_row_position=&#8221;middle&#8221; scene_position=&#8221;center&#8221; text_color=&#8221;dark&#8221; text_align=&#8221;left&#8221; top_padding=&#8221;100&#8243; overlay_strength=&#8221;0.3&#8243; shape_divider_position=&#8221;bottom&#8221; bg_image_animation=&#8221;none&#8221; shape_type=&#8221;&#8221;][vc_column column_padding=&#8221;no-extra-padding&#8221; column_padding_position=&#8221;all&#8221; background_color_opacity=&#8221;1&#8243; background_hover_color_opacity=&#8221;1&#8243; column_link_target=&#8221;_self&#8221; column_shadow=&#8221;none&#8221; column_border_radius=&#8221;none&#8221; width=&#8221;1\/6&#8243; tablet_width_inherit=&#8221;default&#8221; tablet_text_alignment=&#8221;default&#8221; phone_text_alignment=&#8221;default&#8221; column_border_width=&#8221;none&#8221; column_border_style=&#8221;solid&#8221; bg_image_animation=&#8221;none&#8221;][\/vc_column][vc_column column_padding=&#8221;no-extra-padding&#8221; column_padding_position=&#8221;all&#8221; background_color_opacity=&#8221;1&#8243; background_hover_color_opacity=&#8221;1&#8243; column_link_target=&#8221;_self&#8221; column_shadow=&#8221;none&#8221; column_border_radius=&#8221;none&#8221; width=&#8221;4\/6&#8243; tablet_width_inherit=&#8221;default&#8221; tablet_text_alignment=&#8221;default&#8221; phone_text_alignment=&#8221;default&#8221; column_border_width=&#8221;none&#8221; column_border_style=&#8221;solid&#8221; bg_image_animation=&#8221;none&#8221;][vc_column_text css=&#8221;.vc_custom_1570786618735{padding-bottom: 20px !important;}&#8221;]\n<h1 class=\"tit-taller\">Taller de Cocteler\u00eda Hallo Cocktail Bar a c\u00e0rrec de Sergio Regueira<\/h1>\n<h3><span class=\"tribe-event-date-start\">19 octubre 2019 | 17:30h<\/span><\/h3>\n<h4><span class=\"tribe-events-cost\">Preu: 25\u20ac<\/span><\/h4>\n[\/vc_column_text][image_with_animation image_url=&#8221;1412&#8243; alignment=&#8221;&#8221; animation=&#8221;Fade In&#8221; border_radius=&#8221;none&#8221; box_shadow=&#8221;none&#8221; max_width=&#8221;100%&#8221;][vc_column_text]Sergio Regueira, B\u00e0rman de HALL0 COCKTAIL BAR de JAVIER DE LAS MUELAS ens oferir\u00e0 un taller de cocteleria exclusiu en el que es prepararan i tastaran 2 combinats:<\/p>\n<ul>\n<li><strong>CARIBEAN COFFEE<\/strong>: a base de caf\u00e8, rom negre, xarop de coco i coco.<\/li>\n<li><strong>EL DON<\/strong>: amb Tequila, Martini bitter i Martini especial rubino.<\/li>\n<\/ul>\n<div class=\"wpb_text_column wpb_content_element \">\n<div class=\"wpb_wrapper\">\n<h3>TALLER: <strong>Cocteler\u00eda Hallo Cocktail Bar a c\u00e0rrec de Sergio Regueira.<\/strong><\/h3>\n<\/div>\n<\/div>\n[\/vc_column_text][vc_row_inner column_margin=&#8221;default&#8221; top_padding=&#8221;25&#8243; text_align=&#8221;left&#8221;][vc_column_inner column_padding=&#8221;no-extra-padding&#8221; column_padding_position=&#8221;all&#8221; background_color_opacity=&#8221;1&#8243; background_hover_color_opacity=&#8221;1&#8243; column_shadow=&#8221;none&#8221; column_border_radius=&#8221;none&#8221; column_link_target=&#8221;_self&#8221; width=&#8221;1\/4&#8243; tablet_width_inherit=&#8221;default&#8221; column_border_width=&#8221;none&#8221; column_border_style=&#8221;solid&#8221; bg_image_animation=&#8221;none&#8221;][vc_column_text]\n<h3>Detalls<\/h3>\n<p><strong>Data:<\/strong> 19 octubre 2019<br \/>\n<strong>Hora:<\/strong> 17:30 pm<br \/>\n<strong>Preu:<\/strong> 25\u20ac[\/vc_column_text][\/vc_column_inner][vc_column_inner column_padding=&#8221;no-extra-padding&#8221; column_padding_position=&#8221;all&#8221; background_color_opacity=&#8221;1&#8243; background_hover_color_opacity=&#8221;1&#8243; column_shadow=&#8221;none&#8221; column_border_radius=&#8221;none&#8221; column_link_target=&#8221;_self&#8221; width=&#8221;3\/4&#8243; tablet_width_inherit=&#8221;default&#8221; column_border_width=&#8221;none&#8221; column_border_style=&#8221;solid&#8221; bg_image_animation=&#8221;none&#8221;][vc_column_text]\n<h3>Condicions de compra<\/h3>\n<p style=\"padding-bottom: 7px;\">En comprar la teva entrada acceptes les seg\u00fcents condicions:<\/p>\n<ul>\n<li>El preu de l&#8217;entrada inclou l&#8217;IVA.<\/li>\n<li>L&#8217;import no es retornar\u00e0 en cap cas.<\/li>\n<li>L&#8217;acc\u00e9s \u00e9s v\u00e0lid solament per al taller per al qual hagis comprat l&#8217;entrada.<\/li>\n<li><strong>\u00c9s imprescindible comprar l&#8217;entrada al\u00a0market\u00a0(3 euros)<\/strong>. L&#8217;entrada al taller no inclou l&#8217;entrada al\u00a0market.<\/li>\n<\/ul>\n[\/vc_column_text][\/vc_column_inner][\/vc_row_inner][vc_row_inner column_margin=&#8221;default&#8221; text_align=&#8221;left&#8221; css=&#8221;.vc_custom_1570543936190{padding-top: 20px !important;padding-right: 20px !important;padding-bottom: 20px !important;padding-left: 20px !important;background-color: #fcfcfc !important;border-radius: 1px !important;}&#8221;][vc_column_inner column_padding=&#8221;no-extra-padding&#8221; column_padding_position=&#8221;all&#8221; background_color_opacity=&#8221;1&#8243; background_hover_color_opacity=&#8221;1&#8243; column_shadow=&#8221;none&#8221; column_border_radius=&#8221;none&#8221; column_link_target=&#8221;_self&#8221; width=&#8221;1\/1&#8243; tablet_width_inherit=&#8221;default&#8221; column_border_width=&#8221;none&#8221; column_border_style=&#8221;solid&#8221; bg_image_animation=&#8221;none&#8221;]<div class=\"iwithtext\"><div class=\"iwt-icon\"> <i class=\"icon-default-style icon-info-sign accent-color\"><\/i> <\/div><div class=\"iwt-text\"> Recorda que per a accedir al taller \u00e9s necessari que compris la teva <a href=\"https:\/\/eatgaudi.com\/entradas\/entrada-eat-gaudi-19-de-octubre\/\">entrada a Eat Gaud\u00ed\u00a0<\/a> <\/div><div class=\"clear\"><\/div><\/div>[\/vc_column_inner][\/vc_row_inner][\/vc_column][vc_column column_padding=&#8221;no-extra-padding&#8221; column_padding_position=&#8221;all&#8221; background_color_opacity=&#8221;1&#8243; background_hover_color_opacity=&#8221;1&#8243; column_link_target=&#8221;_self&#8221; column_shadow=&#8221;none&#8221; column_border_radius=&#8221;none&#8221; width=&#8221;1\/6&#8243; tablet_width_inherit=&#8221;default&#8221; tablet_text_alignment=&#8221;default&#8221; phone_text_alignment=&#8221;default&#8221; column_border_width=&#8221;none&#8221; column_border_style=&#8221;solid&#8221; bg_image_animation=&#8221;none&#8221;][\/vc_column][\/vc_row]\n","protected":false},"excerpt":{"rendered":"<p>[vc_row type=&#8221;in_container&#8221; full_screen_row_position=&#8221;middle&#8221; scene_position=&#8221;center&#8221; text_color=&#8221;dark&#8221; text_align=&#8221;left&#8221; top_padding=&#8221;100&#8243; overlay_strength=&#8221;0.3&#8243; shape_divider_position=&#8221;bottom&#8221; bg_image_animation=&#8221;none&#8221; shape_type=&#8221;&#8221;][vc_column column_padding=&#8221;no-extra-padding&#8221; column_padding_position=&#8221;all&#8221; background_color_opacity=&#8221;1&#8243; background_hover_color_opacity=&#8221;1&#8243; column_link_target=&#8221;_self&#8221; column_shadow=&#8221;none&#8221; column_border_radius=&#8221;none&#8221; width=&#8221;1\/6&#8243; tablet_width_inherit=&#8221;default&#8221; tablet_text_alignment=&#8221;default&#8221; phone_text_alignment=&#8221;default&#8221; column_border_width=&#8221;none&#8221; column_border_style=&#8221;solid&#8221; bg_image_animation=&#8221;none&#8221;][\/vc_column][vc_column column_padding=&#8221;no-extra-padding&#8221; column_padding_position=&#8221;all&#8221; background_color_opacity=&#8221;1&#8243; background_hover_color_opacity=&#8221;1&#8243; column_link_target=&#8221;_self&#8221;&#8230;<\/p>\n","protected":false},"author":1,"featured_media":0,"parent":2979,"menu_order":0,"comment_status":"closed","ping_status":"closed","template":"","meta":{"_price":"","_stock":"","_tribe_ticket_header":"","_tribe_default_ticket_provider":"Tribe__Tickets_Plus__Commerce__WooCommerce__Main","_tribe_ticket_capacity":"30","_ticket_start_date":"","_ticket_end_date":"","_tribe_ticket_show_description":"","_tribe_ticket_show_not_going":false,"_tribe_ticket_use_global_stock":"","_tribe_ticket_global_stock_level":"","_global_stock_mode":"","_global_stock_cap":"","_tribe_rsvp_for_event":"","_tribe_ticket_going_count":"","_tribe_ticket_not_going_count":"","_tribe_tickets_list":"[]","_tribe_ticket_has_attendee_info_fields":false},"ticketed":false,"_links":{"self":[{"href":"https:\/\/eatgaudi.com\/ca\/wp-json\/wp\/v2\/pages\/1779"}],"collection":[{"href":"https:\/\/eatgaudi.com\/ca\/wp-json\/wp\/v2\/pages"}],"about":[{"href":"https:\/\/eatgaudi.com\/ca\/wp-json\/wp\/v2\/types\/page"}],"author":[{"embeddable":true,"href":"https:\/\/eatgaudi.com\/ca\/wp-json\/wp\/v2\/users\/1"}],"replies":[{"embeddable":true,"href":"https:\/\/eatgaudi.com\/ca\/wp-json\/wp\/v2\/comments?post=1779"}],"version-history":[{"count":3,"href":"https:\/\/eatgaudi.com\/ca\/wp-json\/wp\/v2\/pages\/1779\/revisions"}],"predecessor-version":[{"id":1785,"href":"https:\/\/eatgaudi.com\/ca\/wp-json\/wp\/v2\/pages\/1779\/revisions\/1785"}],"up":[{"embeddable":true,"href":"https:\/\/eatgaudi.com\/ca\/wp-json\/wp\/v2\/pages\/2979"}],"wp:attachment":[{"href":"https:\/\/eatgaudi.com\/ca\/wp-json\/wp\/v2\/media?parent=1779"}],"curies":[{"name":"wp","href":"https:\/\/api.w.org\/{rel}","templated":true}]}}