{"id":37653,"date":"2024-05-14T12:59:59","date_gmt":"2024-05-14T10:59:59","guid":{"rendered":"https:\/\/eatgaudi.com\/?page_id=37653"},"modified":"2024-05-14T15:17:58","modified_gmt":"2024-05-14T13:17:58","slug":"tast-vins","status":"publish","type":"page","link":"https:\/\/eatgaudi.com\/ca\/tast-vins\/","title":{"rendered":"Tast vins"},"content":{"rendered":"[vc_row type=&#8221;in_container&#8221; full_screen_row_position=&#8221;middle&#8221; scene_position=&#8221;center&#8221; text_color=&#8221;dark&#8221; text_align=&#8221;left&#8221; top_padding=&#8221;100&#8243; overlay_strength=&#8221;0.3&#8243; shape_divider_position=&#8221;bottom&#8221; bg_image_animation=&#8221;none&#8221; shape_type=&#8221;&#8221;][vc_column column_padding=&#8221;no-extra-padding&#8221; column_padding_position=&#8221;all&#8221; background_color_opacity=&#8221;1&#8243; background_hover_color_opacity=&#8221;1&#8243; column_link_target=&#8221;_self&#8221; column_shadow=&#8221;none&#8221; column_border_radius=&#8221;none&#8221; width=&#8221;1\/6&#8243; tablet_width_inherit=&#8221;default&#8221; tablet_text_alignment=&#8221;default&#8221; phone_text_alignment=&#8221;default&#8221; column_border_width=&#8221;none&#8221; column_border_style=&#8221;solid&#8221; bg_image_animation=&#8221;none&#8221;][\/vc_column][vc_column column_padding=&#8221;no-extra-padding&#8221; column_padding_position=&#8221;all&#8221; background_color_opacity=&#8221;1&#8243; background_hover_color_opacity=&#8221;1&#8243; column_link_target=&#8221;_self&#8221; column_shadow=&#8221;none&#8221; column_border_radius=&#8221;none&#8221; width=&#8221;4\/6&#8243; tablet_width_inherit=&#8221;default&#8221; tablet_text_alignment=&#8221;default&#8221; phone_text_alignment=&#8221;default&#8221; column_border_width=&#8221;none&#8221; column_border_style=&#8221;solid&#8221; bg_image_animation=&#8221;none&#8221;][vc_column_text css=&#8221;.vc_custom_1684498234279{padding-bottom: 20px !important;}&#8221;]\n<h1 class=\"tit-taller\">Tast de vins Sumarroca<\/h1>\n<h3><span class=\"tribe-event-date-start\">8 i 9 de juny 2024\u00a0<\/span><\/h3>\n<h4><span class=\"tribe-events-cost\">Preu: 10\u20ac<\/span><\/h4>\n[\/vc_column_text][image_with_animation image_url=&#8221;37718&#8243; alignment=&#8221;&#8221; animation=&#8221;Fade In&#8221; border_radius=&#8221;none&#8221; box_shadow=&#8221;none&#8221; max_width=&#8221;100%&#8221;][vc_column_text]\n<p class=\"p1\">El bon vi \u00e9s un dels plaers m\u00e9s antics que existeix. Descobreix tres varietats dels exclusius vins Sumarroca i endinsa\u2019t en l\u2019art del tast. Apr\u00e8n i gaudeix a l\u2019Eat Gaud<\/p>\n<div class=\"wpb_text_column wpb_content_element \">\n<div class=\"wpb_wrapper\">\n<h3>Tast de vins<\/h3>\n<\/div>\n<\/div>\n[\/vc_column_text][vc_row_inner column_margin=&#8221;default&#8221; top_padding=&#8221;25&#8243; text_align=&#8221;left&#8221;][vc_column_inner column_padding=&#8221;no-extra-padding&#8221; column_padding_position=&#8221;all&#8221; background_color_opacity=&#8221;1&#8243; background_hover_color_opacity=&#8221;1&#8243; column_shadow=&#8221;none&#8221; column_border_radius=&#8221;none&#8221; column_link_target=&#8221;_self&#8221; width=&#8221;1\/4&#8243; tablet_width_inherit=&#8221;default&#8221; column_border_width=&#8221;none&#8221; column_border_style=&#8221;solid&#8221; bg_image_animation=&#8221;none&#8221;][vc_column_text]\n<h3>Detalls<\/h3>\n<p style=\"text-align: left;\"><strong>Horaris:<br \/>\n<\/strong>8 juny 2024 | 18:30h<br \/>\n9 juny 2024 | 17:30h<br \/>\n<strong>Preu: <\/strong>10\u20ac<br \/>\n<strong>Capacitat<\/strong>: 20pax<\/p>\n[\/vc_column_text][\/vc_column_inner][vc_column_inner column_padding=&#8221;no-extra-padding&#8221; column_padding_position=&#8221;all&#8221; background_color_opacity=&#8221;1&#8243; background_hover_color_opacity=&#8221;1&#8243; column_shadow=&#8221;none&#8221; column_border_radius=&#8221;none&#8221; column_link_target=&#8221;_self&#8221; width=&#8221;3\/4&#8243; tablet_width_inherit=&#8221;default&#8221; column_border_width=&#8221;none&#8221; column_border_style=&#8221;solid&#8221; bg_image_animation=&#8221;none&#8221;][vc_column_text]\n<h3>Condicions de compra<\/h3>\n<p style=\"padding-bottom: 7px;\">En comprar la teva entrada acceptes les seg\u00fcents condicions:<\/p>\n<ul>\n<li>El preu de l&#8217;entrada inclou l&#8217;IVA.<\/li>\n<li>L&#8217;import no es retornar\u00e0 en cap cas.<\/li>\n<li>L&#8217;acc\u00e9s \u00e9s v\u00e0lid solament per al taller per al qual hagis comprat l&#8217;entrada.<\/li>\n<li><strong>\u00c9s imprescindible comprar l&#8217;entrada al market<\/strong>. L&#8217;entrada al tast no inclou l&#8217;entrada al market<\/li>\n<\/ul>\n[\/vc_column_text][\/vc_column_inner][\/vc_row_inner][vc_row_inner column_margin=&#8221;default&#8221; text_align=&#8221;left&#8221; css=&#8221;.vc_custom_1570543936190{padding-top: 20px !important;padding-right: 20px !important;padding-bottom: 20px !important;padding-left: 20px !important;background-color: #fcfcfc !important;border-radius: 1px !important;}&#8221;][vc_column_inner column_padding=&#8221;no-extra-padding&#8221; column_padding_position=&#8221;all&#8221; background_color_opacity=&#8221;1&#8243; background_hover_color_opacity=&#8221;1&#8243; column_shadow=&#8221;none&#8221; column_border_radius=&#8221;none&#8221; column_link_target=&#8221;_self&#8221; width=&#8221;1\/1&#8243; tablet_width_inherit=&#8221;default&#8221; column_border_width=&#8221;none&#8221; column_border_style=&#8221;solid&#8221; bg_image_animation=&#8221;none&#8221;]<div class=\"iwithtext\"><div class=\"iwt-icon\"> <i class=\"icon-default-style icon-info-sign accent-color\"><\/i> <\/div><div class=\"iwt-text\"> Recorda que per a accedir al tast \u00e9s necessari que compris la teva <a href=\"https:\/\/eatgaudi.com\/ca\/entradas\/\">entrada a Eat Gaud\u00ed\u00a0<\/a> <\/div><div class=\"clear\"><\/div><\/div>[\/vc_column_inner][\/vc_row_inner][\/vc_column][vc_column column_padding=&#8221;no-extra-padding&#8221; column_padding_position=&#8221;all&#8221; background_color_opacity=&#8221;1&#8243; background_hover_color_opacity=&#8221;1&#8243; column_link_target=&#8221;_self&#8221; column_shadow=&#8221;none&#8221; column_border_radius=&#8221;none&#8221; width=&#8221;1\/6&#8243; tablet_width_inherit=&#8221;default&#8221; tablet_text_alignment=&#8221;default&#8221; phone_text_alignment=&#8221;default&#8221; column_border_width=&#8221;none&#8221; column_border_style=&#8221;solid&#8221; bg_image_animation=&#8221;none&#8221;][\/vc_column][\/vc_row]\n","protected":false},"excerpt":{"rendered":"<p>[vc_row type=&#8221;in_container&#8221; full_screen_row_position=&#8221;middle&#8221; scene_position=&#8221;center&#8221; text_color=&#8221;dark&#8221; text_align=&#8221;left&#8221; top_padding=&#8221;100&#8243; overlay_strength=&#8221;0.3&#8243; shape_divider_position=&#8221;bottom&#8221; bg_image_animation=&#8221;none&#8221; shape_type=&#8221;&#8221;][vc_column column_padding=&#8221;no-extra-padding&#8221; column_padding_position=&#8221;all&#8221; background_color_opacity=&#8221;1&#8243; background_hover_color_opacity=&#8221;1&#8243; column_link_target=&#8221;_self&#8221; column_shadow=&#8221;none&#8221; column_border_radius=&#8221;none&#8221; width=&#8221;1\/6&#8243; tablet_width_inherit=&#8221;default&#8221; tablet_text_alignment=&#8221;default&#8221; phone_text_alignment=&#8221;default&#8221; column_border_width=&#8221;none&#8221; column_border_style=&#8221;solid&#8221; bg_image_animation=&#8221;none&#8221;][\/vc_column][vc_column column_padding=&#8221;no-extra-padding&#8221; column_padding_position=&#8221;all&#8221; background_color_opacity=&#8221;1&#8243; background_hover_color_opacity=&#8221;1&#8243; column_link_target=&#8221;_self&#8221;&#8230;<\/p>\n","protected":false},"author":1,"featured_media":0,"parent":0,"menu_order":0,"comment_status":"closed","ping_status":"closed","template":"","meta":{"_price":"","_stock":"","_tribe_ticket_header":"","_tribe_default_ticket_provider":"Tribe__Tickets_Plus__Commerce__WooCommerce__Main","_tribe_ticket_capacity":"","_ticket_start_date":"","_ticket_end_date":"","_tribe_ticket_show_description":"","_tribe_ticket_show_not_going":false,"_tribe_ticket_use_global_stock":"","_tribe_ticket_global_stock_level":"","_global_stock_mode":"","_global_stock_cap":"","_tribe_rsvp_for_event":"","_tribe_ticket_going_count":"","_tribe_ticket_not_going_count":"","_tribe_tickets_list":"[{\"id\":37693,\"type\":\"default\",\"title\":\"Tast de vins | 8 juny 2024 - 18:30h\",\"description\":\"\",\"capacityType\":\"own\",\"price\":10,\"capacity\":20,\"available\":5,\"sharedCapacity\":20,\"sold\":15,\"shareSold\":15,\"isShared\":false,\"currencyDecimalPoint\":\",\",\"currencyNumberOfDecimals\":2,\"currencyPosition\":\"prefix\",\"currencySymbol\":\"$\",\"currencyThousandsSep\":\".\"},{\"id\":37694,\"type\":\"default\",\"title\":\"Tast de vins | 9 juny 2024 - 17:30h\",\"description\":\"\",\"capacityType\":\"own\",\"price\":10,\"capacity\":20,\"available\":18,\"sharedCapacity\":20,\"sold\":2,\"shareSold\":2,\"isShared\":false,\"currencyDecimalPoint\":\",\",\"currencyNumberOfDecimals\":2,\"currencyPosition\":\"prefix\",\"currencySymbol\":\"$\",\"currencyThousandsSep\":\".\"}]","_tribe_ticket_has_attendee_info_fields":false},"ticketed":["woo"],"_links":{"self":[{"href":"https:\/\/eatgaudi.com\/ca\/wp-json\/wp\/v2\/pages\/37653"}],"collection":[{"href":"https:\/\/eatgaudi.com\/ca\/wp-json\/wp\/v2\/pages"}],"about":[{"href":"https:\/\/eatgaudi.com\/ca\/wp-json\/wp\/v2\/types\/page"}],"author":[{"embeddable":true,"href":"https:\/\/eatgaudi.com\/ca\/wp-json\/wp\/v2\/users\/1"}],"replies":[{"embeddable":true,"href":"https:\/\/eatgaudi.com\/ca\/wp-json\/wp\/v2\/comments?post=37653"}],"version-history":[{"count":3,"href":"https:\/\/eatgaudi.com\/ca\/wp-json\/wp\/v2\/pages\/37653\/revisions"}],"predecessor-version":[{"id":37751,"href":"https:\/\/eatgaudi.com\/ca\/wp-json\/wp\/v2\/pages\/37653\/revisions\/37751"}],"wp:attachment":[{"href":"https:\/\/eatgaudi.com\/ca\/wp-json\/wp\/v2\/media?parent=37653"}],"curies":[{"name":"wp","href":"https:\/\/api.w.org\/{rel}","templated":true}]}}